{"id":760,"date":"2009-04-13T13:44:20","date_gmt":"2009-04-13T12:44:20","guid":{"rendered":"http:\/\/www.choye.fr\/?page_id=760"},"modified":"2024-08-17T11:30:37","modified_gmt":"2024-08-17T10:30:37","slug":"votre-maison-a-choye","status":"publish","type":"page","link":"http:\/\/www.choye.fr\/?page_id=760","title":{"rendered":"Votre maison \u00e0 Choye"},"content":{"rendered":"<p style=\"text-align: justify;\"><a href=\"http:\/\/www.choye.fr\/wp-content\/uploads\/2013\/07\/copie-de-20130303-lotissement-41.jpg\"><img decoding=\"async\" loading=\"lazy\" class=\"alignleft size-thumbnail wp-image-3751\" title=\"copie-de-20130303-lotissement-41\" src=\"http:\/\/www.choye.fr\/wp-content\/uploads\/2013\/07\/copie-de-20130303-lotissement-41-120x90.jpg\" alt=\"\" width=\"120\" height=\"90\"><\/a>En bordure de la RD n\u00b0 474 qui relie <strong>Vesoul <\/strong><strong>\u00e0<\/strong><strong> Gray <\/strong><strong>e<\/strong><strong>t Dijon<\/strong>, <strong>Choye<\/strong> est situ\u00e9e \u00e0 15 mn de Gray et&nbsp;\u00e0 25 mn de <strong>Besan\u00e7on<\/strong>, de l\u2019autoroute A36 et de la <strong>gare TGV <\/strong>de Besan\u00e7on Franche-Comt\u00e9. Dans un cadre de vie et un environnement prot\u00e9g\u00e9, la mairie vous propose des terrains, id\u00e9alement orient\u00e9s sur les hauteurs au sud du village, \u00e0 partir de 800 m\u00b2 au prix de 39,5 \u20acTTC par m\u00b2.<\/p>\n<p style=\"text-align: justify;\">Contact : 03 84 32 88 71 \/&nbsp;mairiechoye@wanadoo.fr<\/p>\n<p style=\"text-align: justify;\">&nbsp;<\/p>\n","protected":false},"excerpt":{"rendered":"<p>En bordure de la RD n\u00b0 474 qui relie Vesoul \u00e0 Gray et Dijon, Choye est situ\u00e9e \u00e0 15 mn de Gray et&nbsp;\u00e0 25 mn de Besan\u00e7on, de l\u2019autoroute A36 et de la gare TGV de Besan\u00e7on Franche-Comt\u00e9. Dans un &hellip; <a href=\"http:\/\/www.choye.fr\/?page_id=760\">Continuer la lecture <span class=\"meta-nav\">&rarr;<\/span><\/a><\/p>\n","protected":false},"author":258,"featured_media":0,"parent":11,"menu_order":3,"comment_status":"closed","ping_status":"closed","template":"","meta":{"ngg_post_thumbnail":0},"post_mailing_queue_ids":[],"_links":{"self":[{"href":"http:\/\/www.choye.fr\/index.php?rest_route=\/wp\/v2\/pages\/760"}],"collection":[{"href":"http:\/\/www.choye.fr\/index.php?rest_route=\/wp\/v2\/pages"}],"about":[{"href":"http:\/\/www.choye.fr\/index.php?rest_route=\/wp\/v2\/types\/page"}],"author":[{"embeddable":true,"href":"http:\/\/www.choye.fr\/index.php?rest_route=\/wp\/v2\/users\/258"}],"replies":[{"embeddable":true,"href":"http:\/\/www.choye.fr\/index.php?rest_route=%2Fwp%2Fv2%2Fcomments&post=760"}],"version-history":[{"count":8,"href":"http:\/\/www.choye.fr\/index.php?rest_route=\/wp\/v2\/pages\/760\/revisions"}],"predecessor-version":[{"id":10105,"href":"http:\/\/www.choye.fr\/index.php?rest_route=\/wp\/v2\/pages\/760\/revisions\/10105"}],"up":[{"embeddable":true,"href":"http:\/\/www.choye.fr\/index.php?rest_route=\/wp\/v2\/pages\/11"}],"wp:attachment":[{"href":"http:\/\/www.choye.fr\/index.php?rest_route=%2Fwp%2Fv2%2Fmedia&parent=760"}],"curies":[{"name":"wp","href":"https:\/\/api.w.org\/{rel}","templated":true}]}}