{"id":7049,"date":"2019-01-30T10:14:55","date_gmt":"2019-01-30T09:14:55","guid":{"rendered":"http:\/\/www.choye.fr\/?page_id=7049"},"modified":"2019-04-02T14:18:31","modified_gmt":"2019-04-02T13:18:31","slug":"politique-de-confidentialite","status":"publish","type":"page","link":"http:\/\/www.choye.fr\/?page_id=7049","title":{"rendered":"Politique de confidentialit\u00e9"},"content":{"rendered":"\n<p>En cours de construction&#8230;<\/p>\n\n\n\n<p>Les donn\u00e9es collect\u00e9es sont l&rsquo;adresse email et le nom. Ces donn\u00e9es ne sont pas transmises \u00e0 des tiers. Elles ne sont utilis\u00e9es que pour informer les utilisateurs des nouvelles relatives \u00e0 la Commune de Choye et de ses environs.<\/p>\n\n\n\n<p><\/p>\n","protected":false},"excerpt":{"rendered":"<p>En cours de construction&#8230; Les donn\u00e9es collect\u00e9es sont l&rsquo;adresse email et le nom. Ces donn\u00e9es ne sont pas transmises \u00e0 des tiers. Elles ne sont utilis\u00e9es que pour informer les utilisateurs des nouvelles relatives \u00e0 la Commune de Choye et &hellip; <a href=\"http:\/\/www.choye.fr\/?page_id=7049\">Continuer la lecture <span class=\"meta-nav\">&rarr;<\/span><\/a><\/p>\n","protected":false},"author":258,"featured_media":0,"parent":0,"menu_order":0,"comment_status":"closed","ping_status":"closed","template":"","meta":{"ngg_post_thumbnail":0},"post_mailing_queue_ids":[],"_links":{"self":[{"href":"http:\/\/www.choye.fr\/index.php?rest_route=\/wp\/v2\/pages\/7049"}],"collection":[{"href":"http:\/\/www.choye.fr\/index.php?rest_route=\/wp\/v2\/pages"}],"about":[{"href":"http:\/\/www.choye.fr\/index.php?rest_route=\/wp\/v2\/types\/page"}],"author":[{"embeddable":true,"href":"http:\/\/www.choye.fr\/index.php?rest_route=\/wp\/v2\/users\/258"}],"replies":[{"embeddable":true,"href":"http:\/\/www.choye.fr\/index.php?rest_route=%2Fwp%2Fv2%2Fcomments&post=7049"}],"version-history":[{"count":3,"href":"http:\/\/www.choye.fr\/index.php?rest_route=\/wp\/v2\/pages\/7049\/revisions"}],"predecessor-version":[{"id":7052,"href":"http:\/\/www.choye.fr\/index.php?rest_route=\/wp\/v2\/pages\/7049\/revisions\/7052"}],"wp:attachment":[{"href":"http:\/\/www.choye.fr\/index.php?rest_route=%2Fwp%2Fv2%2Fmedia&parent=7049"}],"curies":[{"name":"wp","href":"https:\/\/api.w.org\/{rel}","templated":true}]}}