{"id":4776,"date":"2016-07-18T19:57:42","date_gmt":"2016-07-18T18:57:42","guid":{"rendered":"http:\/\/www.choye.fr\/?page_id=4776"},"modified":"2019-04-02T14:18:43","modified_gmt":"2019-04-02T13:18:43","slug":"choye-2014","status":"publish","type":"page","link":"http:\/\/www.choye.fr\/?page_id=4776","title":{"rendered":"Choye 2014"},"content":{"rendered":"\n<div class=\"ngg-albumoverview default-view\">\n            <div class=\"ngg-album\">\n            <div class=\"ngg-albumcontent\">\n                <div class=\"ngg-thumbnail\">\n                    <a class='gallery_link' href='http:\/\/www.choye.fr\/?page_id=6129'>\n                        <img class=\"Thumb\"\n                             alt=\"Apr\u00e8s-midi jeux No\u00ebl 2014\"\n                             src=\"http:\/\/www.choye.fr\/wp-content\/gallery\/apres-midi-jeux-noel-2014\/cache\/img_20141213_144018170_hdr.jpg-nggid03530-ngg0dyn-240x160x100-00f0w010c011r110f110r010t010.jpg\"\/>\n                    <\/a>\n                <\/div>\n                <div class=\"ngg-albumtitle\">\n                  <a class='gallery_link' href='http:\/\/www.choye.fr\/?page_id=6129'>Apr\u00e8s-midi jeux No\u00ebl 2014<\/a>\n                <\/div>\n                <div class=\"ngg-description\">\n                    <p>Apr\u00e8s-midi jeux de soci\u00e9t\u00e9 avec visite du P\u00e8re No\u00ebl, le 13 d\u00e9cembre 2014.<\/p>\n                                            <p class=\"ngg-album-gallery-image-counter\"><strong>12<\/strong>&nbsp;Photos<\/p>\n                                    <\/div>\n            <\/div>\n        <\/div>\n        <div class='ngg-clear'><\/div><\/div>\n\n","protected":false},"excerpt":{"rendered":"","protected":false},"author":258,"featured_media":0,"parent":16,"menu_order":0,"comment_status":"closed","ping_status":"closed","template":"","meta":{"ngg_post_thumbnail":0},"post_mailing_queue_ids":[],"_links":{"self":[{"href":"http:\/\/www.choye.fr\/index.php?rest_route=\/wp\/v2\/pages\/4776"}],"collection":[{"href":"http:\/\/www.choye.fr\/index.php?rest_route=\/wp\/v2\/pages"}],"about":[{"href":"http:\/\/www.choye.fr\/index.php?rest_route=\/wp\/v2\/types\/page"}],"author":[{"embeddable":true,"href":"http:\/\/www.choye.fr\/index.php?rest_route=\/wp\/v2\/users\/258"}],"replies":[{"embeddable":true,"href":"http:\/\/www.choye.fr\/index.php?rest_route=%2Fwp%2Fv2%2Fcomments&post=4776"}],"version-history":[{"count":4,"href":"http:\/\/www.choye.fr\/index.php?rest_route=\/wp\/v2\/pages\/4776\/revisions"}],"predecessor-version":[{"id":6715,"href":"http:\/\/www.choye.fr\/index.php?rest_route=\/wp\/v2\/pages\/4776\/revisions\/6715"}],"up":[{"embeddable":true,"href":"http:\/\/www.choye.fr\/index.php?rest_route=\/wp\/v2\/pages\/16"}],"wp:attachment":[{"href":"http:\/\/www.choye.fr\/index.php?rest_route=%2Fwp%2Fv2%2Fmedia&parent=4776"}],"curies":[{"name":"wp","href":"https:\/\/api.w.org\/{rel}","templated":true}]}}