{"id":31,"date":"2008-06-13T22:29:19","date_gmt":"2008-06-13T21:29:19","guid":{"rendered":"http:\/\/tsaillard.free.fr\/wordpress\/?page_id=79"},"modified":"2021-11-14T10:36:22","modified_gmt":"2021-11-14T09:36:22","slug":"les-commisions","status":"publish","type":"page","link":"http:\/\/www.choye.fr\/?page_id=31","title":{"rendered":"Les commissions et d\u00e9l\u00e9gations"},"content":{"rendered":"<p><strong>Les commissions<\/strong><\/p>\n<p>Les membres du conseil municipal ont d\u00e9cid\u00e9 de nommer aux commissions&#8230;<\/p>\n<p><span style=\"color: #000080;\"><strong>FINANCES :<\/strong><\/span> Tous les conseillers<\/p>\n<p><span style=\"color: #000080;\"><strong>FORET :<\/strong><\/span> Guillaume BOUTTEMY, Gilles MAILLARD, Nicolas HEILI, David RICHARDET, Rom\u00e9o FRANCHINI, Serge COI<\/p>\n<p><strong><span style=\"color: #000080;\">TRAVAUX-VOIRIE :<\/span><\/strong>&nbsp; Guillaume BOUTTEMY, Rom\u00e9o FRANCHINI, Nicolas HEILI, David RICHARDET, Gilles MAILLARD<\/p>\n<p><strong><span style=\"color: #000080;\">FLEURISSEMENT, EMBELLISSEMENT, MISE EN VALEUR PATRIMOINE :<\/span><\/strong> Guillaume BOUTTEMY, Virginie SAILLARD, Rom\u00e9o FRANCHINI, Emilie MILLOT<\/p>\n<p><strong><span style=\"color: #000080;\">ELECTIONS :<\/span><\/strong> Virginie SAILLARD<\/p>\n<p><strong><span style=\"color: #000080;\">COMMUNICATION :<\/span><\/strong> Anna MORETTI, Guillaume BOUTTEMY, David CHAPELLE, Emilie MILLOT, Claire GAUTIER<\/p>\n<p><span style=\"color: #339966;\"><em>Les commissions municipales sont ouvertes \u00e0 tous et toutes. Pour y participer, merci de bien vouloir prendre contact avec un membre de l&rsquo;\u00e9quipe municipale.<\/em><\/span><\/p>\n<p>&nbsp;<\/p>\n<p><strong>D\u00e9l\u00e9gation aux organismes ext\u00e9rieurs<\/strong><\/p>\n<p><span style=\"color: #000080;\"><strong>CC Monts de Gy :<\/strong><\/span> Guillaume BOUTTEMY, Gilles MAILLARD<\/p>\n<p><strong><span style=\"color: #000080;\">SICTOM :<\/span>&nbsp; <\/strong>Claire GAUTIER (titulaire), Gilles MAILLARD (suppl\u00e9ant)<\/p>\n<p><span style=\"color: #000080;\"><strong>SIED :&nbsp;<\/strong><\/span>Rom\u00e9o FRANCHINI (titulaire),&nbsp;Nicolas HEILI (suppl\u00e9ant)<\/p>\n<p><span style=\"color: #000080;\"><strong>Syndicat du coll\u00e8ge :<\/strong><\/span>&nbsp; Anna MORETTI (titulaire), Guillaume BOUTTEMY (suppl\u00e9ant)<\/p>\n<p><span style=\"color: #000080;\"><strong>S<\/strong><strong>yndicat de l&rsquo;\u00e9cole primaire :<\/strong><\/span> Anna MORETTI, Guillaume BOUTTEMY<\/p>\n<p><span style=\"color: #000080;\"><strong>Correspondant d\u00e9fense :<\/strong><\/span> David CHAPELLE<\/p>\n<p><span style=\"color: #000080;\"><strong>DIALPHONE <\/strong>(alerte pr\u00e9fecture) :<\/span> Guillaume&nbsp;BOUTTEMY (titulaire), Gilles MAILLARD, Serge COI (suppl\u00e9ants)<\/p>\n<p>&nbsp;<\/p>\n","protected":false},"excerpt":{"rendered":"<p>Les commissions Les membres du conseil municipal ont d\u00e9cid\u00e9 de nommer aux commissions&#8230; FINANCES : Tous les conseillers FORET : Guillaume BOUTTEMY, Gilles MAILLARD, Nicolas HEILI, David RICHARDET, Rom\u00e9o FRANCHINI, Serge COI TRAVAUX-VOIRIE :&nbsp; Guillaume BOUTTEMY, Rom\u00e9o FRANCHINI, Nicolas HEILI, &hellip; <a href=\"http:\/\/www.choye.fr\/?page_id=31\">Continuer la lecture <span class=\"meta-nav\">&rarr;<\/span><\/a><\/p>\n","protected":false},"author":1,"featured_media":0,"parent":10,"menu_order":4,"comment_status":"closed","ping_status":"closed","template":"","meta":{"ngg_post_thumbnail":0},"post_mailing_queue_ids":[],"_links":{"self":[{"href":"http:\/\/www.choye.fr\/index.php?rest_route=\/wp\/v2\/pages\/31"}],"collection":[{"href":"http:\/\/www.choye.fr\/index.php?rest_route=\/wp\/v2\/pages"}],"about":[{"href":"http:\/\/www.choye.fr\/index.php?rest_route=\/wp\/v2\/types\/page"}],"author":[{"embeddable":true,"href":"http:\/\/www.choye.fr\/index.php?rest_route=\/wp\/v2\/users\/1"}],"replies":[{"embeddable":true,"href":"http:\/\/www.choye.fr\/index.php?rest_route=%2Fwp%2Fv2%2Fcomments&post=31"}],"version-history":[{"count":12,"href":"http:\/\/www.choye.fr\/index.php?rest_route=\/wp\/v2\/pages\/31\/revisions"}],"predecessor-version":[{"id":8468,"href":"http:\/\/www.choye.fr\/index.php?rest_route=\/wp\/v2\/pages\/31\/revisions\/8468"}],"up":[{"embeddable":true,"href":"http:\/\/www.choye.fr\/index.php?rest_route=\/wp\/v2\/pages\/10"}],"wp:attachment":[{"href":"http:\/\/www.choye.fr\/index.php?rest_route=%2Fwp%2Fv2%2Fmedia&parent=31"}],"curies":[{"name":"wp","href":"https:\/\/api.w.org\/{rel}","templated":true}]}}