{"id":30,"date":"2008-06-06T14:56:48","date_gmt":"2008-06-06T13:56:48","guid":{"rendered":"http:\/\/tsaillard.free.fr\/wordpress\/?page_id=52"},"modified":"2024-09-23T15:58:05","modified_gmt":"2024-09-23T14:58:05","slug":"les-agents-municipaux","status":"publish","type":"page","link":"http:\/\/www.choye.fr\/?page_id=30","title":{"rendered":"Les agents municipaux"},"content":{"rendered":"<p><strong>Myriam BOLOPION<\/strong>, notre secr\u00e9taire de Mairie,<br \/>\nAccueil du public, \u00e9tat-civil, administration g\u00e9n\u00e9rale, budget&#8230;<\/p>\n<p>&nbsp;<\/p>\n","protected":false},"excerpt":{"rendered":"<p>Myriam BOLOPION, notre secr\u00e9taire de Mairie, Accueil du public, \u00e9tat-civil, administration g\u00e9n\u00e9rale, budget&#8230; &nbsp;<\/p>\n","protected":false},"author":1,"featured_media":0,"parent":10,"menu_order":3,"comment_status":"closed","ping_status":"closed","template":"","meta":{"ngg_post_thumbnail":0},"post_mailing_queue_ids":[],"_links":{"self":[{"href":"http:\/\/www.choye.fr\/index.php?rest_route=\/wp\/v2\/pages\/30"}],"collection":[{"href":"http:\/\/www.choye.fr\/index.php?rest_route=\/wp\/v2\/pages"}],"about":[{"href":"http:\/\/www.choye.fr\/index.php?rest_route=\/wp\/v2\/types\/page"}],"author":[{"embeddable":true,"href":"http:\/\/www.choye.fr\/index.php?rest_route=\/wp\/v2\/users\/1"}],"replies":[{"embeddable":true,"href":"http:\/\/www.choye.fr\/index.php?rest_route=%2Fwp%2Fv2%2Fcomments&post=30"}],"version-history":[{"count":8,"href":"http:\/\/www.choye.fr\/index.php?rest_route=\/wp\/v2\/pages\/30\/revisions"}],"predecessor-version":[{"id":10142,"href":"http:\/\/www.choye.fr\/index.php?rest_route=\/wp\/v2\/pages\/30\/revisions\/10142"}],"up":[{"embeddable":true,"href":"http:\/\/www.choye.fr\/index.php?rest_route=\/wp\/v2\/pages\/10"}],"wp:attachment":[{"href":"http:\/\/www.choye.fr\/index.php?rest_route=%2Fwp%2Fv2%2Fmedia&parent=30"}],"curies":[{"name":"wp","href":"https:\/\/api.w.org\/{rel}","templated":true}]}}