{"id":27,"date":"2008-06-06T14:39:01","date_gmt":"2008-06-06T13:39:01","guid":{"rendered":"http:\/\/tsaillard.free.fr\/wordpress\/?page_id=48"},"modified":"2024-08-26T10:36:02","modified_gmt":"2024-08-26T09:36:02","slug":"les-associations","status":"publish","type":"page","link":"http:\/\/www.choye.fr\/?page_id=27","title":{"rendered":"Les associations"},"content":{"rendered":"<p style=\"text-align: left;\"><strong><span style=\"color: #888888;\"><span style=\"color: #808000;\"><a href=\"http:\/\/www.choye.fr\/wp-content\/uploads\/2008\/06\/chasse.jpg\"><img decoding=\"async\" loading=\"lazy\" class=\"size-thumbnail wp-image-77  alignleft\" title=\"chasse\" src=\"http:\/\/www.choye.fr\/wp-content\/uploads\/2008\/06\/chasse-120x90.jpg\" alt=\"\" width=\"120\" height=\"90\"><\/a>Association Intercommunale de Chasse Choye Villefrancon<\/span><br><\/span><\/strong>Pr\u00e9sident : <strong>Walter&nbsp;<\/strong><strong>GRAND 0684744190<\/strong><\/p>\n<p style=\"text-align: left;\">&nbsp;<\/p>\n<p style=\"text-align: left;\"><a href=\"http:\/\/www.choye.fr\/wp-content\/uploads\/2008\/06\/tennis.jpg\"><img decoding=\"async\" loading=\"lazy\" class=\"size-thumbnail wp-image-78  alignleft\" title=\"tennis\" src=\"http:\/\/www.choye.fr\/wp-content\/uploads\/2008\/06\/tennis-120x90.jpg\" alt=\"\" width=\"120\" height=\"90\"><\/a><strong><span style=\"color: #ffcc00;\">Club de tennis de Choye<br><\/span><\/strong>Pr\u00e9sidente : <strong>Anna MORETTI<\/strong><\/p>\n<p>Tr\u00e9sorier : <strong>Fr\u00e9d\u00e9ric DETOUILLON<\/strong><\/p>\n<p>Secr\u00e9taire : <strong>Aur\u00e9lien SUGNY<\/strong><\/p>\n<p>Possibilit\u00e9 d&rsquo;acc\u00e9der au terrain en joignant M. D\u00e9touillon au 06 72 43 79 29<\/p>\n<p style=\"text-align: left;\">&nbsp;<\/p>\n<p><a href=\"http:\/\/www.choye.fr\/wp-content\/uploads\/2008\/08\/societepeche.jpg\"><img decoding=\"async\" loading=\"lazy\" class=\"size-thumbnail wp-image-80  alignleft\" title=\"societepeche\" src=\"http:\/\/www.choye.fr\/wp-content\/uploads\/2008\/08\/societepeche-120x90.jpg\" alt=\"\" width=\"120\" height=\"90\"><\/a><strong><span style=\"color: #000080;\">Soci\u00e9t\u00e9 de p\u00eache<br><\/span><\/strong>Soci\u00e9t\u00e9 de p\u00eache de Choye \u00ab le poisson d&rsquo;argent \u00bb.<br>Pr\u00e9sident :&nbsp;<strong>SEGUIN Christophe<\/strong><\/p>\n<p>Tr\u00e9sorier : <strong>SIMON Vincent<br><\/strong><\/p>\n<p>Secr\u00e9taire : <strong>MARMIER Micka\u00ebl<br><\/strong><\/p>\n<p>P\u00eache autoris\u00e9e \u00e0 l&rsquo;\u00e9tang de Choye (1,5 ha) avec l&rsquo;achat d&rsquo;une carte \u00e0 l&rsquo;ann\u00e9e, de week-end ou journali\u00e8re.<br>Renseignements : Seguin Christophe 0677792866<\/p>\n<p>&nbsp;<\/p>\n<p><img decoding=\"async\" loading=\"lazy\" class=\"wp-image-7274 alignleft\" src=\"http:\/\/www.choye.fr\/wp-content\/uploads\/2019\/06\/logo-300x291.png\" alt=\"\" width=\"106\" height=\"103\" srcset=\"http:\/\/www.choye.fr\/wp-content\/uploads\/2019\/06\/logo-300x291.png 300w, http:\/\/www.choye.fr\/wp-content\/uploads\/2019\/06\/logo.png 490w\" sizes=\"(max-width: 106px) 100vw, 106px\" \/><\/p>\n<p><strong><span style=\"color: #ff6600;\">Choye, Animations, Sport et Culture (CASC)<\/span><\/strong><\/p>\n<p>Pr\u00e9sidente : <strong>Isabelle FRANCHINI<\/strong><\/p>\n<p>Tr\u00e9sorier&nbsp; : <strong>Olivier DROUHET<\/strong><\/p>\n<p>Secr\u00e9taire : <strong>COTTIN&nbsp;Laura<\/strong><\/p>\n<p>Mairie : 1 rue de l&rsquo;abreuvoir ;&nbsp; Tel :&nbsp; 07 82 65 68 30<\/p>\n\n\n<p><\/p>\n","protected":false},"excerpt":{"rendered":"<p>Association Intercommunale de Chasse Choye VillefranconPr\u00e9sident : Walter&nbsp;GRAND 0684744190 &nbsp; Club de tennis de ChoyePr\u00e9sidente : Anna MORETTI Tr\u00e9sorier : Fr\u00e9d\u00e9ric DETOUILLON Secr\u00e9taire : Aur\u00e9lien SUGNY Possibilit\u00e9 d&rsquo;acc\u00e9der au terrain en joignant M. D\u00e9touillon au 06 72 43 79 29 &hellip; <a href=\"http:\/\/www.choye.fr\/?page_id=27\">Continuer la lecture <span class=\"meta-nav\">&rarr;<\/span><\/a><\/p>\n","protected":false},"author":1,"featured_media":0,"parent":11,"menu_order":0,"comment_status":"closed","ping_status":"closed","template":"","meta":{"ngg_post_thumbnail":0},"post_mailing_queue_ids":[],"_links":{"self":[{"href":"http:\/\/www.choye.fr\/index.php?rest_route=\/wp\/v2\/pages\/27"}],"collection":[{"href":"http:\/\/www.choye.fr\/index.php?rest_route=\/wp\/v2\/pages"}],"about":[{"href":"http:\/\/www.choye.fr\/index.php?rest_route=\/wp\/v2\/types\/page"}],"author":[{"embeddable":true,"href":"http:\/\/www.choye.fr\/index.php?rest_route=\/wp\/v2\/users\/1"}],"replies":[{"embeddable":true,"href":"http:\/\/www.choye.fr\/index.php?rest_route=%2Fwp%2Fv2%2Fcomments&post=27"}],"version-history":[{"count":16,"href":"http:\/\/www.choye.fr\/index.php?rest_route=\/wp\/v2\/pages\/27\/revisions"}],"predecessor-version":[{"id":10108,"href":"http:\/\/www.choye.fr\/index.php?rest_route=\/wp\/v2\/pages\/27\/revisions\/10108"}],"up":[{"embeddable":true,"href":"http:\/\/www.choye.fr\/index.php?rest_route=\/wp\/v2\/pages\/11"}],"wp:attachment":[{"href":"http:\/\/www.choye.fr\/index.php?rest_route=%2Fwp%2Fv2%2Fmedia&parent=27"}],"curies":[{"name":"wp","href":"https:\/\/api.w.org\/{rel}","templated":true}]}}