{"id":23,"date":"2008-06-06T14:34:30","date_gmt":"2008-06-06T13:34:30","guid":{"rendered":"http:\/\/tsaillard.free.fr\/wordpress\/?page_id=44"},"modified":"2019-05-14T20:40:11","modified_gmt":"2019-05-14T19:40:11","slug":"histoire","status":"publish","type":"page","link":"http:\/\/www.choye.fr\/?page_id=23","title":{"rendered":"Histoire"},"content":{"rendered":"<p>Le village poss\u00e9dait un chateau qui avait \u00e9t\u00e9 acquis par <strong>Thierry, archev\u00eaque de Besan\u00e7on<\/strong> (874-895), en m\u00eame temps que les habitations voisines. Il disparut au XVII\u00e8 si\u00e8cle.<\/p>\n<p>En 1043, l&#8217;empereur <strong>Henri III<\/strong> rendit \u00e0 l&rsquo;archev\u00eaque <strong>Hugues Ier<\/strong> les chateaux de Choye, Gray et Vesoul qu&rsquo;avait usurp\u00e9s le comte de Bourgogne. En 1090, <strong>Raynaud<\/strong>, comte de Bourgogne, c\u00e9da aux chapitres Saint etienne et Saint Jean de Besan\u00e7on tout ce qui lui appartenait (in villa quae dicitur Chois).<br \/>\nChoye \u00e9tait du domaine des comtes de Bourgogne et ils paraissaient lui avoir apport\u00e9 un int\u00e9r\u00eat particulier. La terre \u00e9chut en partage \u00e0 la branche cadette et, en 1191, lorsqu&rsquo; <strong>Etienne de Bourgogne<\/strong> eut le dessous dans la lutte qu&rsquo;il avait entreprise contre <strong>Othon de M\u00e9ranie<\/strong>, comte Palatin, celui-ci s&#8217;empara de Choye, Scey sur Sa\u00f4ne et Ferri\u00e8res ; il obligea Etienne \u00e0 lui en reconna\u00eetre la propri\u00e9t\u00e9 en 1193. A la mort d&rsquo;Othon, Etienne r\u00e9cup\u00e9ra Scey et Ferri\u00e8res, mais Choye ne lui fut pas rendu. Suivant une chronique cit\u00e9e par Duch\u00eane (Histoire de Vergy), Othon II rendit Choye en 1211 : \u00ab\u00a0la ville de Choix qu&rsquo;il devoit acquitter de Dame <strong>Marguerite d&rsquo;Oysi<\/strong>, jadis comtesse Bourgogne, qui tenoit la ville de Douaire\u00a0\u00bb. En 1213 Etienne renon\u00e7a d\u00e9finitivement \u00e0 Choye et la c\u00e9da au comte Palatin (villam quae dicitur Chois et plegios suos quantum ad hoc quod ad Chois attinet). Il obtint en \u00e9change tout ce que le comte poss\u00e9dait \u00e0 Montigny : <em>in Monteigneium juxta Vesulium<\/em> (Montigny-l\u00e8s-Vesoul).<\/p>\n<p><a href=\"http:\/\/www.choye.fr\/wp-content\/uploads\/2008\/09\/choyecassiniok.jpg\"><img decoding=\"async\" loading=\"lazy\" class=\"alignleft size-thumbnail wp-image-233\" title=\"choyecassiniok\" src=\"http:\/\/www.choye.fr\/wp-content\/uploads\/2008\/09\/choyecassiniok-120x90.jpg\" alt=\"\" width=\"120\" height=\"90\"><\/a>Au XIII\u00e8 si\u00e8cle une famille porta le nom de Choye. En 1222, <strong>Richard<\/strong> devint homme lige d&rsquo;Othon, duc de M\u00e9ranie, comte de Bourgogne, sauf la fid\u00e9lit\u00e9 \u00e0 son fr\u00e8re <strong>Etienne de Choye<\/strong> ; il jura de la recevoir dans le ch\u00e2teau qu&rsquo;il tenait de lui, lui et les siens, chaque fois qu&rsquo;il voudrait : le lendemain Etienne de Choye fit la m\u00eame d\u00e9claratoin d&rsquo;all\u00e9geance. <strong>Humbert de Choye<\/strong> est cit\u00e9 par Goullut comme contemporain du Palatin Othon III, duc de M\u00e9ranie, mort en 1248.<\/p>\n<p>Choye eut beaucoup \u00e0 souffrir de la guerre des barons comtois contre <strong>Eudes IV<\/strong>, duc de Bourgogne. Elle fut prise et incendi\u00e9e par eux en 1336. \u00ab\u00a0Or, ces seigneurs camp\u00e8rent Choye et autant qu&rsquo;elle peut \u00eatre secourue, en quarante huit heures ils la forc\u00e8rent\u00a0\u00bb (Goullut).<br \/>\nEn 1364, les Routiers ou les Anglais ravag\u00e8rent de nouveau Choye. <em>\u00ab\u00a0Et de faict, haians pour capitaine un Guichard Monnot et l&rsquo;arm\u00e9e fort puissante, ils se pr\u00e9sent\u00e8rent \u00e0 Choye qu&rsquo;ils gaign\u00e8rent\u00a0\u00bb<\/em>. (Goullut).<\/p>\n<p>La baronnie de Choye comprenait : Choye, Bonboillon, Ven\u00e8re, Hugier, Chancevigney, Bay, Sornay, Montagney, Cult, Virey, Motey, la Tour de Motey, Chancey et la vigne de Magney.<br \/>\nA la mort de <strong>Jean de Vienne<\/strong>, seigneur de Choye, elle fut morcel\u00e9e entre ses h\u00e9ritiers et ayant droits (1451). <strong>Jean de Longwy<\/strong>, mari de <strong>Jeanne de Vienne<\/strong>, eut Choye et Bonboillon. \u00ab\u00a0Elle a pass\u00e9 \u00e0 la maison de Varambon, \u00e0 celle de Vienne, de Precipiano, de Seroz Granvelle et de Saint Mauris Crilla, aux seigneurs de la Baulme et au Pr\u00e9sident d&rsquo;Ollivet en faveur de qui elle fut confirm\u00e9e dans le titre de baronnie au mois de juin 1767. Le baron de Choye n&rsquo;avait gu\u00e8re dans ce village que la seigneurie directe qui comprenait les droits de justice, d&rsquo;\u00e9paves, d&rsquo;aides, de tailles et de suzerainet\u00e9 sur les fiefs qui en d\u00e9pendaient.<br \/>\nUne maison dite de Choye ou de Roussel poss\u00e9dait en fief la tour de ce lieu avec des pr\u00e9s et des fonds dans ce territoire ; les actes publics donnaient \u00e0 chacun des individus de cette maison le titre de miles et j&rsquo;en trouve un grand nombre possesseur de ce fief depuis commencement du XIV\u00e8 si\u00e8cle jusqu&rsquo;en 1501. Ce n&rsquo;est que vers cette \u00e9poque qu&rsquo;eut lieu la r\u00e9union de leur fief \u00e0 la baronnie.\u00a0\u00bb (Almanach de 1785). La commanderie de Sales et les abbayes d&rsquo;Acey et de Corneux y avaient d&rsquo;importantes possessions.<\/p>\n<p>1789 : bailliage et d\u00e9canat de Gray<br \/>\n1790 : district de Gray, canton de Gy<\/p>\n<p><strong>Le 2 mars 1829, un terrible incendie d\u00e9truisit 70 maisons.<\/strong><\/p>\n<blockquote><p><em> \u00ab\u00a0Dictionnaire des communes de la Haute-Sa\u00f4ne\u00a0\u00bb, paru en 1970.<\/em><\/p><\/blockquote>\n","protected":false},"excerpt":{"rendered":"<p>Le village poss\u00e9dait un chateau qui avait \u00e9t\u00e9 acquis par Thierry, archev\u00eaque de Besan\u00e7on (874-895), en m\u00eame temps que les habitations voisines. Il disparut au XVII\u00e8 si\u00e8cle. En 1043, l&#8217;empereur Henri III rendit \u00e0 l&rsquo;archev\u00eaque Hugues Ier les chateaux de &hellip; <a href=\"http:\/\/www.choye.fr\/?page_id=23\">Continuer la lecture <span class=\"meta-nav\">&rarr;<\/span><\/a><\/p>\n","protected":false},"author":1,"featured_media":0,"parent":11,"menu_order":0,"comment_status":"closed","ping_status":"closed","template":"","meta":{"ngg_post_thumbnail":0},"post_mailing_queue_ids":[],"_links":{"self":[{"href":"http:\/\/www.choye.fr\/index.php?rest_route=\/wp\/v2\/pages\/23"}],"collection":[{"href":"http:\/\/www.choye.fr\/index.php?rest_route=\/wp\/v2\/pages"}],"about":[{"href":"http:\/\/www.choye.fr\/index.php?rest_route=\/wp\/v2\/types\/page"}],"author":[{"embeddable":true,"href":"http:\/\/www.choye.fr\/index.php?rest_route=\/wp\/v2\/users\/1"}],"replies":[{"embeddable":true,"href":"http:\/\/www.choye.fr\/index.php?rest_route=%2Fwp%2Fv2%2Fcomments&post=23"}],"version-history":[{"count":9,"href":"http:\/\/www.choye.fr\/index.php?rest_route=\/wp\/v2\/pages\/23\/revisions"}],"predecessor-version":[{"id":7177,"href":"http:\/\/www.choye.fr\/index.php?rest_route=\/wp\/v2\/pages\/23\/revisions\/7177"}],"up":[{"embeddable":true,"href":"http:\/\/www.choye.fr\/index.php?rest_route=\/wp\/v2\/pages\/11"}],"wp:attachment":[{"href":"http:\/\/www.choye.fr\/index.php?rest_route=%2Fwp%2Fv2%2Fmedia&parent=23"}],"curies":[{"name":"wp","href":"https:\/\/api.w.org\/{rel}","templated":true}]}}