{"id":13,"date":"2008-04-25T13:53:34","date_gmt":"2008-04-25T12:53:34","guid":{"rendered":"http:\/\/tsaillard.free.fr\/wordpress\/?page_id=10"},"modified":"2020-06-06T10:07:42","modified_gmt":"2020-06-06T09:07:42","slug":"les-adjoints","status":"publish","type":"page","link":"http:\/\/www.choye.fr\/?page_id=13","title":{"rendered":"Les adjoints"},"content":{"rendered":"<p><a href=\"http:\/\/www.choye.fr\/wp-content\/uploads\/2014\/03\/gilles.jpg\"><img decoding=\"async\" loading=\"lazy\" class=\"size-full wp-image-4093 alignleft\" title=\"gilles\" src=\"http:\/\/www.choye.fr\/wp-content\/uploads\/2014\/03\/gilles.jpg\" alt=\"\" width=\"122\" height=\"141\"><\/a><strong>Gilles Maillard<\/strong><br \/>\n1er adjoint<br \/>\nagriculteur<\/p>\n<p><img decoding=\"async\" loading=\"lazy\" class=\"wp-image-7726 alignleft\" src=\"http:\/\/www.choye.fr\/wp-content\/uploads\/2020\/06\/Serge-300x287.png\" alt=\"\" width=\"182\" height=\"174\" srcset=\"http:\/\/www.choye.fr\/wp-content\/uploads\/2020\/06\/Serge-300x287.png 300w, http:\/\/www.choye.fr\/wp-content\/uploads\/2020\/06\/Serge.png 580w\" sizes=\"(max-width: 182px) 100vw, 182px\" \/><\/p>\n<p><strong>&nbsp; &nbsp; &nbsp; &nbsp; &nbsp; &nbsp; &nbsp; &nbsp; &nbsp; &nbsp; &nbsp; &nbsp; &nbsp; &nbsp; &nbsp; &nbsp; &nbsp;<br \/>\nSerge Co\u00ef<\/strong>&nbsp; &nbsp; &nbsp; &nbsp;<br \/>\n2\u00e8me adjoint<br \/>\nboucher retrait\u00e9<\/p>\n","protected":false},"excerpt":{"rendered":"<p>Gilles Maillard 1er adjoint agriculteur &nbsp; &nbsp; &nbsp; &nbsp; &nbsp; &nbsp; &nbsp; &nbsp; &nbsp; &nbsp; &nbsp; &nbsp; &nbsp; &nbsp; &nbsp; &nbsp; &nbsp; Serge Co\u00ef&nbsp; &nbsp; &nbsp; &nbsp; 2\u00e8me adjoint boucher retrait\u00e9<\/p>\n","protected":false},"author":1,"featured_media":0,"parent":10,"menu_order":1,"comment_status":"closed","ping_status":"closed","template":"","meta":{"ngg_post_thumbnail":0},"post_mailing_queue_ids":[],"_links":{"self":[{"href":"http:\/\/www.choye.fr\/index.php?rest_route=\/wp\/v2\/pages\/13"}],"collection":[{"href":"http:\/\/www.choye.fr\/index.php?rest_route=\/wp\/v2\/pages"}],"about":[{"href":"http:\/\/www.choye.fr\/index.php?rest_route=\/wp\/v2\/types\/page"}],"author":[{"embeddable":true,"href":"http:\/\/www.choye.fr\/index.php?rest_route=\/wp\/v2\/users\/1"}],"replies":[{"embeddable":true,"href":"http:\/\/www.choye.fr\/index.php?rest_route=%2Fwp%2Fv2%2Fcomments&post=13"}],"version-history":[{"count":21,"href":"http:\/\/www.choye.fr\/index.php?rest_route=\/wp\/v2\/pages\/13\/revisions"}],"predecessor-version":[{"id":7727,"href":"http:\/\/www.choye.fr\/index.php?rest_route=\/wp\/v2\/pages\/13\/revisions\/7727"}],"up":[{"embeddable":true,"href":"http:\/\/www.choye.fr\/index.php?rest_route=\/wp\/v2\/pages\/10"}],"wp:attachment":[{"href":"http:\/\/www.choye.fr\/index.php?rest_route=%2Fwp%2Fv2%2Fmedia&parent=13"}],"curies":[{"name":"wp","href":"https:\/\/api.w.org\/{rel}","templated":true}]}}