{"id":12,"date":"2008-04-25T13:52:16","date_gmt":"2008-04-25T12:52:16","guid":{"rendered":"http:\/\/tsaillard.free.fr\/wordpress\/?page_id=9"},"modified":"2020-06-06T10:15:15","modified_gmt":"2020-06-06T09:15:15","slug":"le-conseil","status":"publish","type":"page","link":"http:\/\/www.choye.fr\/?page_id=12","title":{"rendered":"Le conseil"},"content":{"rendered":"<p><img decoding=\"async\" loading=\"lazy\" class=\"wp-image-7729 aligncenter\" src=\"http:\/\/www.choye.fr\/wp-content\/uploads\/2020\/06\/PhotoCM2020-2-300x200.jpg\" alt=\"\" width=\"470\" height=\"313\" srcset=\"http:\/\/www.choye.fr\/wp-content\/uploads\/2020\/06\/PhotoCM2020-2-300x200.jpg 300w, http:\/\/www.choye.fr\/wp-content\/uploads\/2020\/06\/PhotoCM2020-2-768x512.jpg 768w, http:\/\/www.choye.fr\/wp-content\/uploads\/2020\/06\/PhotoCM2020-2.jpg 1024w\" sizes=\"(max-width: 470px) 100vw, 470px\" \/><\/p>\n<p>De gauche \u00e0 droite:<\/p>\n<p>Virginie Saillard (Secr\u00e9taire) ; Rom\u00e9o Franchini (Chef des ventes) ;<br \/>\nEmilie Millot (Responsables Ressources Humaines) ;<br \/>\nDavid Richardet (Commercial) ; Gilles Maillard (Agriculteur) ;<br \/>\nGuillaume Bouttemy (Animateur territorial) ;<br \/>\nClaire Gautier (Secr\u00e9taire m\u00e9dicale) ;<br \/>\nDavid Chapelle (Enseignant chercheur) ; Serge Co\u00ef (Boucher retrait\u00e9) ; Nicolas Heili (Technico-commercial) ; Anna Moretti (Professeure des \u00e9coles)<\/p>\n","protected":false},"excerpt":{"rendered":"<p>De gauche \u00e0 droite: Virginie Saillard (Secr\u00e9taire) ; Rom\u00e9o Franchini (Chef des ventes) ; Emilie Millot (Responsables Ressources Humaines) ; David Richardet (Commercial) ; Gilles Maillard (Agriculteur) ; Guillaume Bouttemy (Animateur territorial) ; Claire Gautier (Secr\u00e9taire m\u00e9dicale) ; David Chapelle &hellip; <a href=\"http:\/\/www.choye.fr\/?page_id=12\">Continuer la lecture <span class=\"meta-nav\">&rarr;<\/span><\/a><\/p>\n","protected":false},"author":1,"featured_media":0,"parent":10,"menu_order":2,"comment_status":"closed","ping_status":"closed","template":"","meta":{"ngg_post_thumbnail":0},"post_mailing_queue_ids":[],"_links":{"self":[{"href":"http:\/\/www.choye.fr\/index.php?rest_route=\/wp\/v2\/pages\/12"}],"collection":[{"href":"http:\/\/www.choye.fr\/index.php?rest_route=\/wp\/v2\/pages"}],"about":[{"href":"http:\/\/www.choye.fr\/index.php?rest_route=\/wp\/v2\/types\/page"}],"author":[{"embeddable":true,"href":"http:\/\/www.choye.fr\/index.php?rest_route=\/wp\/v2\/users\/1"}],"replies":[{"embeddable":true,"href":"http:\/\/www.choye.fr\/index.php?rest_route=%2Fwp%2Fv2%2Fcomments&post=12"}],"version-history":[{"count":17,"href":"http:\/\/www.choye.fr\/index.php?rest_route=\/wp\/v2\/pages\/12\/revisions"}],"predecessor-version":[{"id":7730,"href":"http:\/\/www.choye.fr\/index.php?rest_route=\/wp\/v2\/pages\/12\/revisions\/7730"}],"up":[{"embeddable":true,"href":"http:\/\/www.choye.fr\/index.php?rest_route=\/wp\/v2\/pages\/10"}],"wp:attachment":[{"href":"http:\/\/www.choye.fr\/index.php?rest_route=%2Fwp%2Fv2%2Fmedia&parent=12"}],"curies":[{"name":"wp","href":"https:\/\/api.w.org\/{rel}","templated":true}]}}