{"id":11,"date":"2008-03-25T17:47:55","date_gmt":"2008-03-25T16:47:55","guid":{"rendered":"http:\/\/tsaillard.free.fr\/wordpress\/?page_id=3"},"modified":"2019-05-27T17:34:27","modified_gmt":"2019-05-27T16:34:27","slug":"histoire","status":"publish","type":"page","link":"http:\/\/www.choye.fr\/?page_id=11","title":{"rendered":"Le village"},"content":{"rendered":"<p><strong><a href=\"http:\/\/www.choye.fr\/wp-content\/uploads\/2008\/06\/choye_vue_aerienne.jpg\"><img decoding=\"async\" loading=\"lazy\" class=\"alignleft size-thumbnail wp-image-64\" title=\"choye_vue_aerienne\" src=\"http:\/\/www.choye.fr\/wp-content\/uploads\/2008\/06\/choye_vue_aerienne-120x90.jpg\" alt=\"\" width=\"120\" height=\"90\"><\/a>Choye<\/strong> ( code postal 70700 ) se trouve en r\u00e9gion <strong>Bourgogne<\/strong>&#8211;<strong>Franche-Comt\u00e9<\/strong> dans le d\u00e9partement de la&nbsp;<strong>Haute-Sa\u00f4ne.<\/strong><br \/>\n&gt; Altitude : 197 m (mini) &#8211; 280 m (maxi)<br \/>\n&gt; Latitude : 47\u00b0 23&prime; 31\u00a0\u00bb Nord , longitude : 5\u00b0 45&prime; 38\u00a0\u00bb Est<br \/>\n&gt; Population : 484 habitants selon l&rsquo;INSEE en 2016<br \/>\n&gt; Superficie : 14,4 km\u00b2&nbsp;<br \/>\n&gt; Densit\u00e9 : Densit\u00e9 33 hab.\/km\u00b2<br \/>\n&gt; Intercommunalit\u00e9 :&nbsp; <strong><span style=\"color: #008000;\"><a href=\"http:\/\/www.montsdegy.fr\/\">Communaut\u00e9 de communes des Monts de Gy<\/a><br \/>\n<\/span><\/strong><\/p>\n","protected":false},"excerpt":{"rendered":"<p>Choye ( code postal 70700 ) se trouve en r\u00e9gion Bourgogne&#8211;Franche-Comt\u00e9 dans le d\u00e9partement de la&nbsp;Haute-Sa\u00f4ne. &gt; Altitude : 197 m (mini) &#8211; 280 m (maxi) &gt; Latitude : 47\u00b0 23&prime; 31\u00a0\u00bb Nord , longitude : 5\u00b0 45&prime; 38\u00a0\u00bb Est &hellip; <a href=\"http:\/\/www.choye.fr\/?page_id=11\">Continuer la lecture <span class=\"meta-nav\">&rarr;<\/span><\/a><\/p>\n","protected":false},"author":1,"featured_media":0,"parent":0,"menu_order":1,"comment_status":"closed","ping_status":"closed","template":"","meta":{"ngg_post_thumbnail":0},"post_mailing_queue_ids":[],"_links":{"self":[{"href":"http:\/\/www.choye.fr\/index.php?rest_route=\/wp\/v2\/pages\/11"}],"collection":[{"href":"http:\/\/www.choye.fr\/index.php?rest_route=\/wp\/v2\/pages"}],"about":[{"href":"http:\/\/www.choye.fr\/index.php?rest_route=\/wp\/v2\/types\/page"}],"author":[{"embeddable":true,"href":"http:\/\/www.choye.fr\/index.php?rest_route=\/wp\/v2\/users\/1"}],"replies":[{"embeddable":true,"href":"http:\/\/www.choye.fr\/index.php?rest_route=%2Fwp%2Fv2%2Fcomments&post=11"}],"version-history":[{"count":7,"href":"http:\/\/www.choye.fr\/index.php?rest_route=\/wp\/v2\/pages\/11\/revisions"}],"predecessor-version":[{"id":7221,"href":"http:\/\/www.choye.fr\/index.php?rest_route=\/wp\/v2\/pages\/11\/revisions\/7221"}],"wp:attachment":[{"href":"http:\/\/www.choye.fr\/index.php?rest_route=%2Fwp%2Fv2%2Fmedia&parent=11"}],"curies":[{"name":"wp","href":"https:\/\/api.w.org\/{rel}","templated":true}]}}