{"id":10,"date":"2008-03-21T01:22:48","date_gmt":"2008-03-21T00:22:48","guid":{"rendered":"http:\/\/choye.mywebcommunity.org\/?page_id=27"},"modified":"2024-08-05T13:00:06","modified_gmt":"2024-08-05T12:00:06","slug":"a-propos-2","status":"publish","type":"page","link":"http:\/\/www.choye.fr\/?page_id=10","title":{"rendered":"La mairie"},"content":{"rendered":"<p><a href=\"http:\/\/www.choye.fr\/wp-content\/uploads\/2011\/11\/mairie-nouvelle-2-120x90.jpg\">&nbsp;<\/a><\/p>\n<p><strong><a href=\"http:\/\/www.choye.fr\/wp-content\/uploads\/2017\/10\/mairie3.jpg\"><img decoding=\"async\" loading=\"lazy\" class=\"alignnone  wp-image-5261\" title=\"mairie3\" src=\"http:\/\/www.choye.fr\/wp-content\/uploads\/2017\/10\/mairie3-300x168.jpg\" alt=\"\" width=\"257\" height=\"145\"><\/a><a href=\"http:\/\/www.choye.fr\/wp-content\/uploads\/2017\/10\/mairie1.jpg\"><img decoding=\"async\" loading=\"lazy\" class=\"alignnone  wp-image-5262\" title=\"mairie1\" src=\"http:\/\/www.choye.fr\/wp-content\/uploads\/2017\/10\/mairie1-300x168.jpg\" alt=\"\" width=\"257\" height=\"145\"><\/a><\/strong><\/p>\n<p><strong>T\u00e9l\u00e9phone : 03 84 32 88 71<\/strong><\/p>\n<p><strong>Courriel :<\/strong> <a class=\"send-mail\" href=\"mailto:mairiechoye@wanadoo.fr\">mairiechoye@wanadoo.fr<\/a><\/p>\n<p><strong>Le secr\u00e9tariat de mairie est ouvert :<br \/>\n<\/strong> &gt; les lundis de 13H00 \u00e0 18H00<br \/>\n&gt; les vendredis de 08h00 \u00e0 12h00<\/p>\n<p><strong>Les permanences du Maire :<br \/>\n<\/strong>&gt; Les permanences du maire se tiennent les samedis matins de 10h \u00e0 11H30&nbsp;<\/p>\n<p><strong>Code postal :<\/strong> 70700<br \/>\n<strong>Code INSEE :<\/strong> 70152<br \/>\n<strong>SIREN :<\/strong> 217 001 528<br \/>\n<strong>Num\u00e9ro TVA intracommunautaire :<\/strong> FR 57 217001528<\/p>\n<p>&nbsp;<\/p>\n<p>&nbsp;<\/p>\n<p>https:\/\/www.annuaire-mairie.fr\/mairie-choye.html<\/p>\n","protected":false},"excerpt":{"rendered":"<p>&nbsp; T\u00e9l\u00e9phone : 03 84 32 88 71 Courriel : mairiechoye@wanadoo.fr Le secr\u00e9tariat de mairie est ouvert : &gt; les lundis de 13H00 \u00e0 18H00 &gt; les vendredis de 08h00 \u00e0 12h00 Les permanences du Maire : &gt; Les permanences &hellip; <a href=\"http:\/\/www.choye.fr\/?page_id=10\">Continuer la lecture <span class=\"meta-nav\">&rarr;<\/span><\/a><\/p>\n","protected":false},"author":1,"featured_media":0,"parent":0,"menu_order":0,"comment_status":"closed","ping_status":"open","template":"","meta":{"ngg_post_thumbnail":0},"post_mailing_queue_ids":[],"_links":{"self":[{"href":"http:\/\/www.choye.fr\/index.php?rest_route=\/wp\/v2\/pages\/10"}],"collection":[{"href":"http:\/\/www.choye.fr\/index.php?rest_route=\/wp\/v2\/pages"}],"about":[{"href":"http:\/\/www.choye.fr\/index.php?rest_route=\/wp\/v2\/types\/page"}],"author":[{"embeddable":true,"href":"http:\/\/www.choye.fr\/index.php?rest_route=\/wp\/v2\/users\/1"}],"replies":[{"embeddable":true,"href":"http:\/\/www.choye.fr\/index.php?rest_route=%2Fwp%2Fv2%2Fcomments&post=10"}],"version-history":[{"count":14,"href":"http:\/\/www.choye.fr\/index.php?rest_route=\/wp\/v2\/pages\/10\/revisions"}],"predecessor-version":[{"id":10095,"href":"http:\/\/www.choye.fr\/index.php?rest_route=\/wp\/v2\/pages\/10\/revisions\/10095"}],"wp:attachment":[{"href":"http:\/\/www.choye.fr\/index.php?rest_route=%2Fwp%2Fv2%2Fmedia&parent=10"}],"curies":[{"name":"wp","href":"https:\/\/api.w.org\/{rel}","templated":true}]}}